{"id":16,"date":"2018-09-24T13:01:45","date_gmt":"2018-09-24T13:01:45","guid":{"rendered":"https:\/\/jp27.fi\/verkkokauppa\/?post_type=product&#038;p=16&#038;lang=fi"},"modified":"2019-02-05T18:23:27","modified_gmt":"2019-02-05T16:23:27","slug":"hohenlocksted-100v-juhlamitali","status":"publish","type":"product","link":"https:\/\/jp27.fi\/verkkokauppa\/tuote\/hohenlocksted-100v-juhlamitali\/","title":{"rendered":"Hohenlocksted juhlamitali (rajoitettu er\u00e4)"},"content":{"rendered":"","protected":false},"excerpt":{"rendered":"<p>J\u00e4\u00e4k\u00e4rien koulutuksen aloittamisen 100v-juhlamitali. Rajoitettu er\u00e4.<\/p>\n","protected":false},"featured_media":17,"comment_status":"open","ping_status":"closed","template":"","meta":{"_et_pb_use_builder":"","_et_pb_old_content":"","_et_gb_content_width":"","inline_featured_image":false},"product_brand":[],"product_cat":[26],"product_tag":[],"class_list":{"0":"post-16","1":"product","2":"type-product","3":"status-publish","4":"has-post-thumbnail","6":"product_cat-merkit-ja-mitalit","8":"first","9":"instock","10":"taxable","11":"shipping-taxable","12":"purchasable","13":"product-type-simple"},"_links":{"self":[{"href":"https:\/\/jp27.fi\/verkkokauppa\/wp-json\/wp\/v2\/product\/16","targetHints":{"allow":["GET"]}}],"collection":[{"href":"https:\/\/jp27.fi\/verkkokauppa\/wp-json\/wp\/v2\/product"}],"about":[{"href":"https:\/\/jp27.fi\/verkkokauppa\/wp-json\/wp\/v2\/types\/product"}],"replies":[{"embeddable":true,"href":"https:\/\/jp27.fi\/verkkokauppa\/wp-json\/wp\/v2\/comments?post=16"}],"wp:featuredmedia":[{"embeddable":true,"href":"https:\/\/jp27.fi\/verkkokauppa\/wp-json\/wp\/v2\/media\/17"}],"wp:attachment":[{"href":"https:\/\/jp27.fi\/verkkokauppa\/wp-json\/wp\/v2\/media?parent=16"}],"wp:term":[{"taxonomy":"product_brand","embeddable":true,"href":"https:\/\/jp27.fi\/verkkokauppa\/wp-json\/wp\/v2\/product_brand?post=16"},{"taxonomy":"product_cat","embeddable":true,"href":"https:\/\/jp27.fi\/verkkokauppa\/wp-json\/wp\/v2\/product_cat?post=16"},{"taxonomy":"product_tag","embeddable":true,"href":"https:\/\/jp27.fi\/verkkokauppa\/wp-json\/wp\/v2\/product_tag?post=16"}],"curies":[{"name":"wp","href":"https:\/\/api.w.org\/{rel}","templated":true}]}}