{"id":166,"date":"2018-11-20T14:12:17","date_gmt":"2018-11-20T12:12:17","guid":{"rendered":"https:\/\/jp27.fi\/verkkokauppa\/?post_type=product&#038;p=166&#038;lang=fi"},"modified":"2019-02-05T18:24:56","modified_gmt":"2019-02-05T16:24:56","slug":"jagarnas-livsverk-for-sjalvstandigheten","status":"publish","type":"product","link":"https:\/\/jp27.fi\/verkkokauppa\/tuote\/jagarnas-livsverk-for-sjalvstandigheten\/","title":{"rendered":"J\u00e4garnas livsverk f\u00f6r Sj\u00e4lvst\u00e4ndigheten"},"content":{"rendered":"","protected":false},"excerpt":{"rendered":"<p>50 sivua<\/p>\n","protected":false},"featured_media":201,"comment_status":"open","ping_status":"closed","template":"","meta":{"_et_pb_use_builder":"","_et_pb_old_content":"","_et_gb_content_width":"","inline_featured_image":false},"product_brand":[],"product_cat":[25],"product_tag":[],"class_list":{"0":"post-166","1":"product","2":"type-product","3":"status-publish","4":"has-post-thumbnail","6":"product_cat-kirjat","7":"product_shipping_class-pieni","9":"first","10":"instock","11":"taxable","12":"shipping-taxable","13":"purchasable","14":"product-type-simple"},"_links":{"self":[{"href":"https:\/\/jp27.fi\/verkkokauppa\/wp-json\/wp\/v2\/product\/166","targetHints":{"allow":["GET"]}}],"collection":[{"href":"https:\/\/jp27.fi\/verkkokauppa\/wp-json\/wp\/v2\/product"}],"about":[{"href":"https:\/\/jp27.fi\/verkkokauppa\/wp-json\/wp\/v2\/types\/product"}],"replies":[{"embeddable":true,"href":"https:\/\/jp27.fi\/verkkokauppa\/wp-json\/wp\/v2\/comments?post=166"}],"wp:featuredmedia":[{"embeddable":true,"href":"https:\/\/jp27.fi\/verkkokauppa\/wp-json\/wp\/v2\/media\/201"}],"wp:attachment":[{"href":"https:\/\/jp27.fi\/verkkokauppa\/wp-json\/wp\/v2\/media?parent=166"}],"wp:term":[{"taxonomy":"product_brand","embeddable":true,"href":"https:\/\/jp27.fi\/verkkokauppa\/wp-json\/wp\/v2\/product_brand?post=166"},{"taxonomy":"product_cat","embeddable":true,"href":"https:\/\/jp27.fi\/verkkokauppa\/wp-json\/wp\/v2\/product_cat?post=166"},{"taxonomy":"product_tag","embeddable":true,"href":"https:\/\/jp27.fi\/verkkokauppa\/wp-json\/wp\/v2\/product_tag?post=166"}],"curies":[{"name":"wp","href":"https:\/\/api.w.org\/{rel}","templated":true}]}}