{"id":186,"date":"2018-11-20T14:24:05","date_gmt":"2018-11-20T12:24:05","guid":{"rendered":"https:\/\/jp27.fi\/verkkokauppa\/?post_type=product&#038;p=186&#038;lang=fi"},"modified":"2025-11-25T16:44:23","modified_gmt":"2025-11-25T14:44:23","slug":"jaakaripienoismerkki","status":"publish","type":"product","link":"https:\/\/jp27.fi\/verkkokauppa\/tuote\/jaakaripienoismerkki\/","title":{"rendered":"J\u00e4\u00e4k\u00e4ripienoismerkki"},"content":{"rendered":"","protected":false},"excerpt":{"rendered":"<p>J\u00e4\u00e4k\u00e4ripienoismerkit myyd\u00e4\u00e4n vain J\u00e4\u00e4k\u00e4rikansliaan kirjallisesti toimitettujen hakemusten perusteella hakemuksella. Koko 2 x 2 cm.<\/p>\n","protected":false},"featured_media":187,"comment_status":"open","ping_status":"closed","template":"","meta":{"_et_pb_use_builder":"","_et_pb_old_content":"","_et_gb_content_width":"","inline_featured_image":false},"product_brand":[],"product_cat":[26],"product_tag":[],"class_list":{"0":"post-186","1":"product","2":"type-product","3":"status-publish","4":"has-post-thumbnail","6":"product_cat-merkit-ja-mitalit","8":"first","9":"instock","10":"purchasable","11":"product-type-simple"},"_links":{"self":[{"href":"https:\/\/jp27.fi\/verkkokauppa\/wp-json\/wp\/v2\/product\/186","targetHints":{"allow":["GET"]}}],"collection":[{"href":"https:\/\/jp27.fi\/verkkokauppa\/wp-json\/wp\/v2\/product"}],"about":[{"href":"https:\/\/jp27.fi\/verkkokauppa\/wp-json\/wp\/v2\/types\/product"}],"replies":[{"embeddable":true,"href":"https:\/\/jp27.fi\/verkkokauppa\/wp-json\/wp\/v2\/comments?post=186"}],"wp:featuredmedia":[{"embeddable":true,"href":"https:\/\/jp27.fi\/verkkokauppa\/wp-json\/wp\/v2\/media\/187"}],"wp:attachment":[{"href":"https:\/\/jp27.fi\/verkkokauppa\/wp-json\/wp\/v2\/media?parent=186"}],"wp:term":[{"taxonomy":"product_brand","embeddable":true,"href":"https:\/\/jp27.fi\/verkkokauppa\/wp-json\/wp\/v2\/product_brand?post=186"},{"taxonomy":"product_cat","embeddable":true,"href":"https:\/\/jp27.fi\/verkkokauppa\/wp-json\/wp\/v2\/product_cat?post=186"},{"taxonomy":"product_tag","embeddable":true,"href":"https:\/\/jp27.fi\/verkkokauppa\/wp-json\/wp\/v2\/product_tag?post=186"}],"curies":[{"name":"wp","href":"https:\/\/api.w.org\/{rel}","templated":true}]}}