{"id":190,"date":"2018-11-20T14:28:11","date_gmt":"2018-11-20T12:28:11","guid":{"rendered":"https:\/\/jp27.fi\/verkkokauppa\/?post_type=product&#038;p=190&#038;lang=fi"},"modified":"2022-12-01T12:47:46","modified_gmt":"2022-12-01T10:47:46","slug":"jaakarilippupostimerkki-arkki","status":"publish","type":"product","link":"https:\/\/jp27.fi\/verkkokauppa\/tuote\/jaakarilippupostimerkki-arkki\/","title":{"rendered":"J\u00e4\u00e4k\u00e4rilippupostimerkki &#8211; arkki"},"content":{"rendered":"","protected":false},"excerpt":{"rendered":"<p>Arkissa on 10 kpl, 1-luokan ikimerkkej\u00e4<\/p>\n","protected":false},"featured_media":229,"comment_status":"open","ping_status":"closed","template":"","meta":{"_et_pb_use_builder":"","_et_pb_old_content":"","_et_gb_content_width":"","inline_featured_image":false},"product_brand":[],"product_cat":[27],"product_tag":[],"class_list":{"0":"post-190","1":"product","2":"type-product","3":"status-publish","4":"has-post-thumbnail","6":"product_cat-postimerkit","8":"first","9":"instock","10":"taxable","11":"shipping-taxable","12":"purchasable","13":"product-type-simple"},"_links":{"self":[{"href":"https:\/\/jp27.fi\/verkkokauppa\/wp-json\/wp\/v2\/product\/190","targetHints":{"allow":["GET"]}}],"collection":[{"href":"https:\/\/jp27.fi\/verkkokauppa\/wp-json\/wp\/v2\/product"}],"about":[{"href":"https:\/\/jp27.fi\/verkkokauppa\/wp-json\/wp\/v2\/types\/product"}],"replies":[{"embeddable":true,"href":"https:\/\/jp27.fi\/verkkokauppa\/wp-json\/wp\/v2\/comments?post=190"}],"wp:featuredmedia":[{"embeddable":true,"href":"https:\/\/jp27.fi\/verkkokauppa\/wp-json\/wp\/v2\/media\/229"}],"wp:attachment":[{"href":"https:\/\/jp27.fi\/verkkokauppa\/wp-json\/wp\/v2\/media?parent=190"}],"wp:term":[{"taxonomy":"product_brand","embeddable":true,"href":"https:\/\/jp27.fi\/verkkokauppa\/wp-json\/wp\/v2\/product_brand?post=190"},{"taxonomy":"product_cat","embeddable":true,"href":"https:\/\/jp27.fi\/verkkokauppa\/wp-json\/wp\/v2\/product_cat?post=190"},{"taxonomy":"product_tag","embeddable":true,"href":"https:\/\/jp27.fi\/verkkokauppa\/wp-json\/wp\/v2\/product_tag?post=190"}],"curies":[{"name":"wp","href":"https:\/\/api.w.org\/{rel}","templated":true}]}}