{"id":251,"date":"2019-04-11T12:35:03","date_gmt":"2019-04-11T09:35:03","guid":{"rendered":"https:\/\/jp27.fi\/verkkokauppa\/?post_type=product&#038;p=251"},"modified":"2026-01-29T17:10:30","modified_gmt":"2026-01-29T15:10:30","slug":"perinneyhdistyksen-jasenmerkki-vain-jasenille","status":"publish","type":"product","link":"https:\/\/jp27.fi\/verkkokauppa\/tuote\/perinneyhdistyksen-jasenmerkki-vain-jasenille\/","title":{"rendered":"Perinneyhdistyksen j\u00e4senmerkki (vain j\u00e4senille)"},"content":{"rendered":"","protected":false},"excerpt":{"rendered":"<p>Pinssi (koko 1,5 x 1,3 cm)<br \/>\nMyyd\u00e4\u00e4n vain Perinneyhdistyksen j\u00e4senille<\/p>\n","protected":false},"featured_media":252,"comment_status":"open","ping_status":"closed","template":"","meta":{"_et_pb_use_builder":"","_et_pb_old_content":"","_et_gb_content_width":"","inline_featured_image":false},"product_brand":[],"product_cat":[26],"product_tag":[],"class_list":{"0":"post-251","1":"product","2":"type-product","3":"status-publish","4":"has-post-thumbnail","6":"product_cat-merkit-ja-mitalit","7":"product_shipping_class-pieni","9":"first","10":"instock","11":"taxable","12":"shipping-taxable","13":"purchasable","14":"product-type-simple"},"_links":{"self":[{"href":"https:\/\/jp27.fi\/verkkokauppa\/wp-json\/wp\/v2\/product\/251","targetHints":{"allow":["GET"]}}],"collection":[{"href":"https:\/\/jp27.fi\/verkkokauppa\/wp-json\/wp\/v2\/product"}],"about":[{"href":"https:\/\/jp27.fi\/verkkokauppa\/wp-json\/wp\/v2\/types\/product"}],"replies":[{"embeddable":true,"href":"https:\/\/jp27.fi\/verkkokauppa\/wp-json\/wp\/v2\/comments?post=251"}],"wp:featuredmedia":[{"embeddable":true,"href":"https:\/\/jp27.fi\/verkkokauppa\/wp-json\/wp\/v2\/media\/252"}],"wp:attachment":[{"href":"https:\/\/jp27.fi\/verkkokauppa\/wp-json\/wp\/v2\/media?parent=251"}],"wp:term":[{"taxonomy":"product_brand","embeddable":true,"href":"https:\/\/jp27.fi\/verkkokauppa\/wp-json\/wp\/v2\/product_brand?post=251"},{"taxonomy":"product_cat","embeddable":true,"href":"https:\/\/jp27.fi\/verkkokauppa\/wp-json\/wp\/v2\/product_cat?post=251"},{"taxonomy":"product_tag","embeddable":true,"href":"https:\/\/jp27.fi\/verkkokauppa\/wp-json\/wp\/v2\/product_tag?post=251"}],"curies":[{"name":"wp","href":"https:\/\/api.w.org\/{rel}","templated":true}]}}