{"id":320,"date":"2019-11-21T14:45:47","date_gmt":"2019-11-21T12:45:47","guid":{"rendered":"https:\/\/jp27.fi\/verkkokauppa\/?post_type=product&#038;p=320"},"modified":"2025-11-25T16:50:51","modified_gmt":"2025-11-25T14:50:51","slug":"suomen-jaakarit-itsenaisyytemme-karkijoukko","status":"publish","type":"product","link":"https:\/\/jp27.fi\/verkkokauppa\/tuote\/suomen-jaakarit-itsenaisyytemme-karkijoukko\/","title":{"rendered":"Suomen J\u00e4\u00e4k\u00e4rit &#8211; Itsen\u00e4isyytemme k\u00e4rkijoukko"},"content":{"rendered":"<p>J\u00e4\u00e4k\u00e4ris\u00e4\u00e4ti\u00f6n 600 kirjan numeroitu juhlaversio<\/p>\n<p>&nbsp;<\/p>\n","protected":false},"excerpt":{"rendered":"<p>Tee tilaus suoraan J\u00e4\u00e4k\u00e4rikansliaan s\u00e4hk\u00f6postilla kanslia@jp27.fi<br \/>\nKirjan voi my\u00f6s noutaa J\u00e4\u00e4k\u00e4rikansliasta (soita p. 050 377 8845 ennen tuloa)<\/p>\n<p><strong>HUOM!<\/strong> kaksi eri hintaluokkaa<\/p>\n<p>Perinneyhdistyksen j\u00e4senille 50 euroa<\/p>\n<p>Ei j\u00e4senille 70 euroa<\/p>\n","protected":false},"featured_media":321,"comment_status":"open","ping_status":"closed","template":"","meta":{"_et_pb_use_builder":"","_et_pb_old_content":"","_et_gb_content_width":"","inline_featured_image":false},"product_brand":[],"product_cat":[25],"product_tag":[],"class_list":{"0":"post-320","1":"product","2":"type-product","3":"status-publish","4":"has-post-thumbnail","6":"product_cat-kirjat","7":"product_shipping_class-suuri","9":"first","10":"instock","11":"purchasable","12":"product-type-simple"},"_links":{"self":[{"href":"https:\/\/jp27.fi\/verkkokauppa\/wp-json\/wp\/v2\/product\/320","targetHints":{"allow":["GET"]}}],"collection":[{"href":"https:\/\/jp27.fi\/verkkokauppa\/wp-json\/wp\/v2\/product"}],"about":[{"href":"https:\/\/jp27.fi\/verkkokauppa\/wp-json\/wp\/v2\/types\/product"}],"replies":[{"embeddable":true,"href":"https:\/\/jp27.fi\/verkkokauppa\/wp-json\/wp\/v2\/comments?post=320"}],"wp:featuredmedia":[{"embeddable":true,"href":"https:\/\/jp27.fi\/verkkokauppa\/wp-json\/wp\/v2\/media\/321"}],"wp:attachment":[{"href":"https:\/\/jp27.fi\/verkkokauppa\/wp-json\/wp\/v2\/media?parent=320"}],"wp:term":[{"taxonomy":"product_brand","embeddable":true,"href":"https:\/\/jp27.fi\/verkkokauppa\/wp-json\/wp\/v2\/product_brand?post=320"},{"taxonomy":"product_cat","embeddable":true,"href":"https:\/\/jp27.fi\/verkkokauppa\/wp-json\/wp\/v2\/product_cat?post=320"},{"taxonomy":"product_tag","embeddable":true,"href":"https:\/\/jp27.fi\/verkkokauppa\/wp-json\/wp\/v2\/product_tag?post=320"}],"curies":[{"name":"wp","href":"https:\/\/api.w.org\/{rel}","templated":true}]}}